{"id":129,"date":"2025-11-04T00:29:39","date_gmt":"2025-11-04T00:29:39","guid":{"rendered":"https:\/\/agstchad.com\/?page_id=129"},"modified":"2025-11-04T00:29:40","modified_gmt":"2025-11-04T00:29:40","slug":"commande-b2b","status":"publish","type":"page","link":"https:\/\/agstchad.com\/?page_id=129","title":{"rendered":"Commande B2B"},"content":{"rendered":"<style id=\"wpforms-css-vars-125-block-6800fcf5-9b34-4720-8ae0-b59993019cff\">\n\t\t\t\t#wpforms-125.wpforms-block-6800fcf5-9b34-4720-8ae0-b59993019cff {\n\t\t\t\t--wpforms-field-size-input-height: 43px;\n--wpforms-field-size-input-spacing: 15px;\n--wpforms-field-size-font-size: 16px;\n--wpforms-field-size-line-height: 19px;\n--wpforms-field-size-padding-h: 14px;\n--wpforms-field-size-checkbox-size: 16px;\n--wpforms-field-size-sublabel-spacing: 5px;\n--wpforms-field-size-icon-size: 1;\n--wpforms-label-size-font-size: 16px;\n--wpforms-label-size-line-height: 19px;\n--wpforms-label-size-sublabel-font-size: 14px;\n--wpforms-label-size-sublabel-line-height: 17px;\n--wpforms-button-size-font-size: 17px;\n--wpforms-button-size-height: 41px;\n--wpforms-button-size-padding-h: 15px;\n--wpforms-button-size-margin-top: 10px;\n\t\t\t}\n\t\t\t<\/style><div class=\"wpforms-container wpforms-container-full wpforms-block wpforms-block-6800fcf5-9b34-4720-8ae0-b59993019cff wpforms-render-modern\" id=\"wpforms-125\"><form id=\"wpforms-form-125\" class=\"wpforms-validate wpforms-form wpforms-ajax-form\" data-formid=\"125\" method=\"post\" enctype=\"multipart\/form-data\" action=\"\/index.php?rest_route=%2Fwp%2Fv2%2Fpages%2F129\" data-token=\"9307a97e078032d1600c8d6b3b2cdf77\" data-token-time=\"1776697299\"><noscript class=\"wpforms-error-noscript\">Please enable JavaScript in your browser to complete this form.<\/noscript><div id=\"wpforms-error-noscript\" style=\"display: none;\">Please enable JavaScript in your browser to complete this form.<\/div><div class=\"wpforms-field-container\"><div id=\"wpforms-125-field_1-container\" class=\"wpforms-field wpforms-field-name\" data-field-id=\"1\"><label class=\"wpforms-field-label\" for=\"wpforms-125-field_1\">Nam complet <span class=\"wpforms-required-label\" aria-hidden=\"true\">*<\/span><\/label><input type=\"text\" id=\"wpforms-125-field_1\" class=\"wpforms-field-medium wpforms-field-required\" name=\"wpforms[fields][1]\" aria-errormessage=\"wpforms-125-field_1-error\" required><\/div><div id=\"wpforms-125-field_2-container\" class=\"wpforms-field wpforms-field-email\" data-field-id=\"2\"><label class=\"wpforms-field-label\" for=\"wpforms-125-field_2\">Email <span class=\"wpforms-required-label\" aria-hidden=\"true\">*<\/span><\/label><input type=\"email\" id=\"wpforms-125-field_2\" class=\"wpforms-field-medium wpforms-field-required\" name=\"wpforms[fields][2]\" spellcheck=\"false\" aria-errormessage=\"wpforms-125-field_2-error\" required><\/div><div id=\"wpforms-125-field_46-container\" class=\"wpforms-field wpforms-field-text\" data-field-id=\"46\"><label class=\"wpforms-field-label\" for=\"wpforms-125-field_46\">Num\u00e9ro t\u00e9l\u00e9phone <span class=\"wpforms-required-label\" aria-hidden=\"true\">*<\/span><\/label><input type=\"text\" id=\"wpforms-125-field_46\" class=\"wpforms-field-medium wpforms-field-required\" name=\"wpforms[fields][46]\" aria-errormessage=\"wpforms-125-field_46-error\" required><\/div><div id=\"wpforms-125-field_54-container\" class=\"wpforms-field wpforms-field-text\" data-field-id=\"54\"><label class=\"wpforms-field-label\" for=\"wpforms-125-field_54\">WhatsApp <span class=\"wpforms-required-label\" aria-hidden=\"true\">*<\/span><\/label><input type=\"text\" id=\"wpforms-125-field_54\" class=\"wpforms-field-medium wpforms-field-required\" name=\"wpforms[fields][54]\" aria-errormessage=\"wpforms-125-field_54-error\" required><\/div>\t\t<div id=\"wpforms-125-field_3-container\"\n\t\t\tclass=\"wpforms-field wpforms-field-text\"\n\t\t\tdata-field-type=\"text\"\n\t\t\tdata-field-id=\"3\"\n\t\t\t>\n\t\t\t<label class=\"wpforms-field-label\" for=\"wpforms-125-field_3\" >de livraison t\u00e9l\u00e9phone<\/label>\n\t\t\t<input type=\"text\" id=\"wpforms-125-field_3\" class=\"wpforms-field-medium\" name=\"wpforms[fields][3]\" >\n\t\t<\/div>\n\t\t<div id=\"wpforms-125-field_38-container\" class=\"wpforms-field wpforms-field-text\" data-field-id=\"38\"><label class=\"wpforms-field-label\" for=\"wpforms-125-field_38\">Nom de produit <span class=\"wpforms-required-label\" aria-hidden=\"true\">*<\/span><\/label><input type=\"text\" id=\"wpforms-125-field_38\" class=\"wpforms-field-medium wpforms-field-required\" name=\"wpforms[fields][38]\" aria-errormessage=\"wpforms-125-field_38-error\" required><\/div><div id=\"wpforms-125-field_40-container\" class=\"wpforms-field wpforms-field-number\" data-field-id=\"40\"><label class=\"wpforms-field-label\" for=\"wpforms-125-field_40\">Quantite <span class=\"wpforms-required-label\" aria-hidden=\"true\">*<\/span><\/label><input type=\"number\" id=\"wpforms-125-field_40\" class=\"wpforms-field-medium wpforms-field-required\" name=\"wpforms[fields][40]\" step=\"any\" aria-errormessage=\"wpforms-125-field_40-error\" required><\/div><div id=\"wpforms-125-field_43-container\" class=\"wpforms-field wpforms-field-checkbox\" data-field-id=\"43\"><fieldset><legend class=\"wpforms-field-label\">Livraison <span class=\"wpforms-required-label\" aria-hidden=\"true\">*<\/span><\/legend><ul id=\"wpforms-125-field_43\" class=\"wpforms-field-required\" data-choice-limit=\"1\"><li class=\"choice-2 depth-1\"><input type=\"checkbox\" id=\"wpforms-125-field_43_2\" data-rule-check-limit=\"true\" name=\"wpforms[fields][43][]\" value=\"Retrait\" aria-errormessage=\"wpforms-125-field_43_2-error\" required ><label class=\"wpforms-field-label-inline\" for=\"wpforms-125-field_43_2\">Retrait<\/label><\/li><li class=\"choice-3 depth-1\"><input type=\"checkbox\" id=\"wpforms-125-field_43_3\" data-rule-check-limit=\"true\" name=\"wpforms[fields][43][]\" value=\"Livraison\" aria-errormessage=\"wpforms-125-field_43_3-error\" required ><label class=\"wpforms-field-label-inline\" for=\"wpforms-125-field_43_3\">Livraison<\/label><\/li><\/ul><\/fieldset><\/div><div id=\"wpforms-125-field_49-container\" class=\"wpforms-field wpforms-field-text\" data-field-id=\"49\"><label class=\"wpforms-field-label\" for=\"wpforms-125-field_49\">Ville <span class=\"wpforms-required-label\" aria-hidden=\"true\">*<\/span><\/label><input type=\"text\" id=\"wpforms-125-field_49\" class=\"wpforms-field-medium wpforms-field-required\" name=\"wpforms[fields][49]\" aria-errormessage=\"wpforms-125-field_49-error\" required><\/div><div id=\"wpforms-125-field_51-container\" class=\"wpforms-field wpforms-field-text\" data-field-id=\"51\"><label class=\"wpforms-field-label\" for=\"wpforms-125-field_51\">Code Postale <span class=\"wpforms-required-label\" aria-hidden=\"true\">*<\/span><\/label><input type=\"text\" id=\"wpforms-125-field_51\" class=\"wpforms-field-medium wpforms-field-required\" name=\"wpforms[fields][51]\" aria-errormessage=\"wpforms-125-field_51-error\" required><\/div><div id=\"wpforms-125-field_52-container\" class=\"wpforms-field wpforms-field-text\" data-field-id=\"52\"><label class=\"wpforms-field-label\" for=\"wpforms-125-field_52\">Pays <span class=\"wpforms-required-label\" aria-hidden=\"true\">*<\/span><\/label><input type=\"text\" id=\"wpforms-125-field_52\" class=\"wpforms-field-medium wpforms-field-required\" name=\"wpforms[fields][52]\" aria-errormessage=\"wpforms-125-field_52-error\" required><\/div><div id=\"wpforms-125-field_7-container\" class=\"wpforms-field wpforms-field-textarea\" data-field-id=\"7\"><label class=\"wpforms-field-label\" for=\"wpforms-125-field_7\">Instructions sp\u00e9ciales de livraison <span class=\"wpforms-required-label\" aria-hidden=\"true\">*<\/span><\/label><textarea id=\"wpforms-125-field_7\" class=\"wpforms-field-medium wpforms-field-required\" name=\"wpforms[fields][7]\" aria-errormessage=\"wpforms-125-field_7-error\" required><\/textarea><\/div><script>\n\t\t\t\t( function() {\n\t\t\t\t\tconst style = document.createElement( 'style' );\n\t\t\t\t\tstyle.appendChild( document.createTextNode( '#wpforms-125-field_3-container { position: absolute !important; overflow: hidden !important; display: inline !important; height: 1px !important; width: 1px !important; z-index: -1000 !important; padding: 0 !important; } #wpforms-125-field_3-container input { visibility: hidden; } #wpforms-conversational-form-page #wpforms-125-field_3-container label { counter-increment: none; }' ) );\n\t\t\t\t\tdocument.head.appendChild( style );\n\t\t\t\t\tdocument.currentScript?.remove();\n\t\t\t\t} )();\n\t\t\t<\/script><\/div><!-- .wpforms-field-container --><div class=\"wpforms-submit-container\" ><input type=\"hidden\" name=\"wpforms[id]\" value=\"125\"><input type=\"hidden\" name=\"page_title\" value=\"\"><input type=\"hidden\" name=\"page_url\" value=\"https:\/\/agstchad.com\/index.php?rest_route=\/wp\/v2\/pages\/129\"><input type=\"hidden\" name=\"url_referer\" value=\"\"><button type=\"submit\" name=\"wpforms[submit]\" id=\"wpforms-submit-125\" class=\"wpforms-submit\" data-alt-text=\"Envoie...\" data-submit-text=\"Soumettre\" aria-live=\"assertive\" value=\"wpforms-submit\">Soumettre<\/button><img decoding=\"async\" src=\"https:\/\/agstchad.com\/wp-content\/plugins\/wpforms-lite\/assets\/images\/submit-spin.svg\" class=\"wpforms-submit-spinner\" style=\"display: none;\" width=\"26\" height=\"26\" alt=\"Loading\"><\/div><\/form><\/div>  <!-- .wpforms-container -->","protected":false},"excerpt":{"rendered":"","protected":false},"author":1,"featured_media":0,"parent":0,"menu_order":0,"comment_status":"closed","ping_status":"closed","template":"","meta":{"site-sidebar-layout":"default","site-content-layout":"","ast-site-content-layout":"default","site-content-style":"default","site-sidebar-style":"default","ast-global-header-display":"","ast-banner-title-visibility":"","ast-main-header-display":"","ast-hfb-above-header-display":"","ast-hfb-below-header-display":"","ast-hfb-mobile-header-display":"","site-post-title":"","ast-breadcrumbs-content":"","ast-featured-img":"","footer-sml-layout":"","theme-transparent-header-meta":"","adv-header-id-meta":"","stick-header-meta":"","header-above-stick-meta":"","header-main-stick-meta":"","header-below-stick-meta":"","astra-migrate-meta-layouts":"default","ast-page-background-enabled":"default","ast-page-background-meta":{"desktop":{"background-color":"var(--ast-global-color-5)","background-image":"","background-repeat":"repeat","background-position":"center center","background-size":"auto","background-attachment":"scroll","background-type":"","background-media":"","overlay-type":"","overlay-color":"","overlay-opacity":"","overlay-gradient":""},"tablet":{"background-color":"","background-image":"","background-repeat":"repeat","background-position":"center center","background-size":"auto","background-attachment":"scroll","background-type":"","background-media":"","overlay-type":"","overlay-color":"","overlay-opacity":"","overlay-gradient":""},"mobile":{"background-color":"","background-image":"","background-repeat":"repeat","background-position":"center center","background-size":"auto","background-attachment":"scroll","background-type":"","background-media":"","overlay-type":"","overlay-color":"","overlay-opacity":"","overlay-gradient":""}},"ast-content-background-meta":{"desktop":{"background-color":"var(--ast-global-color-4)","background-image":"","background-repeat":"repeat","background-position":"center center","background-size":"auto","background-attachment":"scroll","background-type":"","background-media":"","overlay-type":"","overlay-color":"","overlay-opacity":"","overlay-gradient":""},"tablet":{"background-color":"var(--ast-global-color-4)","background-image":"","background-repeat":"repeat","background-position":"center center","background-size":"auto","background-attachment":"scroll","background-type":"","background-media":"","overlay-type":"","overlay-color":"","overlay-opacity":"","overlay-gradient":""},"mobile":{"background-color":"var(--ast-global-color-4)","background-image":"","background-repeat":"repeat","background-position":"center center","background-size":"auto","background-attachment":"scroll","background-type":"","background-media":"","overlay-type":"","overlay-color":"","overlay-opacity":"","overlay-gradient":""}},"footnotes":""},"class_list":["post-129","page","type-page","status-publish","hentry"],"_links":{"self":[{"href":"https:\/\/agstchad.com\/index.php?rest_route=\/wp\/v2\/pages\/129","targetHints":{"allow":["GET"]}}],"collection":[{"href":"https:\/\/agstchad.com\/index.php?rest_route=\/wp\/v2\/pages"}],"about":[{"href":"https:\/\/agstchad.com\/index.php?rest_route=\/wp\/v2\/types\/page"}],"author":[{"embeddable":true,"href":"https:\/\/agstchad.com\/index.php?rest_route=\/wp\/v2\/users\/1"}],"replies":[{"embeddable":true,"href":"https:\/\/agstchad.com\/index.php?rest_route=%2Fwp%2Fv2%2Fcomments&post=129"}],"version-history":[{"count":1,"href":"https:\/\/agstchad.com\/index.php?rest_route=\/wp\/v2\/pages\/129\/revisions"}],"predecessor-version":[{"id":130,"href":"https:\/\/agstchad.com\/index.php?rest_route=\/wp\/v2\/pages\/129\/revisions\/130"}],"wp:attachment":[{"href":"https:\/\/agstchad.com\/index.php?rest_route=%2Fwp%2Fv2%2Fmedia&parent=129"}],"curies":[{"name":"wp","href":"https:\/\/api.w.org\/{rel}","templated":true}]}}