{"id":148,"date":"2025-11-04T01:12:15","date_gmt":"2025-11-04T01:12:15","guid":{"rendered":"https:\/\/agstchad.com\/?page_id=148"},"modified":"2025-11-04T01:14:57","modified_gmt":"2025-11-04T01:14:57","slug":"a-propos","status":"publish","type":"page","link":"https:\/\/agstchad.com\/?page_id=148","title":{"rendered":"A propos"},"content":{"rendered":"\t\t<div data-elementor-type=\"wp-page\" data-elementor-id=\"148\" class=\"elementor elementor-148\" data-elementor-post-type=\"page\">\n\t\t\t\t<div class=\"elementor-element elementor-element-39b3c08 e-flex e-con-boxed e-con e-parent\" data-id=\"39b3c08\" data-element_type=\"container\">\n\t\t\t\t\t<div class=\"e-con-inner\">\n\t\t\t\t<div class=\"elementor-element elementor-element-a7de8a5 elementor-widget elementor-widget-wp-widget-text\" data-id=\"a7de8a5\" data-element_type=\"widget\" data-widget_type=\"wp-widget-text.default\">\n\t\t\t\t<div class=\"elementor-widget-container\">\n\t\t\t\t\t\t\t\t<div class=\"textwidget\"><p data-start=\"1994\" data-end=\"2369\"><strong data-start=\"1994\" data-end=\"2015\">AGS International<\/strong> est une entreprise agro-industrielle sp\u00e9cialis\u00e9e dans la <strong data-start=\"2073\" data-end=\"2160\">production, la transformation et la commercialisation du riz de marque <em data-start=\"2146\" data-end=\"2158\">Riz TOUMAI<\/em><\/strong>.<br data-start=\"2161\" data-end=\"2164\" \/>Implant\u00e9e au c\u0153ur des terres fertiles du Tchad, elle valorise le savoir-faire local \u00e0 travers une production moderne et durable, offrant un riz de qualit\u00e9 sup\u00e9rieure r\u00e9pondant aux standards internationaux.<\/p>\n<h3 data-start=\"2371\" data-end=\"2392\"><strong data-start=\"2375\" data-end=\"2392\">Notre Mission<\/strong><\/h3>\n<p data-start=\"2393\" data-end=\"2589\">Contribuer \u00e0 la souverainet\u00e9 alimentaire du Tchad en d\u00e9veloppant une fili\u00e8re rizicole int\u00e9gr\u00e9e, performante et durable, autour de la marque <em data-start=\"2533\" data-end=\"2545\">Riz TOUMAI<\/em>, symbole de fiert\u00e9 nationale et de qualit\u00e9.<\/p>\n<h3 data-start=\"2591\" data-end=\"2612\"><strong data-start=\"2595\" data-end=\"2612\">Nos Activit\u00e9s<\/strong><\/h3>\n<ul data-start=\"2613\" data-end=\"2951\">\n<li data-start=\"2613\" data-end=\"2737\">\n<p data-start=\"2615\" data-end=\"2737\">\ud83c\udf3e <strong data-start=\"2618\" data-end=\"2634\">Production :<\/strong> Collaboration avec les soci\u00e9t\u00e9s coop\u00e9ratives et les producteurs locaux pour la culture du riz paddy.<\/p>\n<\/li>\n<li data-start=\"2738\" data-end=\"2848\">\n<p data-start=\"2740\" data-end=\"2848\">\ud83c\udfed <strong data-start=\"2743\" data-end=\"2763\">Transformation :<\/strong> Utilisation de technologies modernes pour garantir la puret\u00e9 et la qualit\u00e9 du riz.<\/p>\n<\/li>\n<li data-start=\"2849\" data-end=\"2951\">\n<p data-start=\"2851\" data-end=\"2951\">\ud83d\uded2 <strong data-start=\"2854\" data-end=\"2877\">Commercialisation :<\/strong> Distribution du <em data-start=\"2894\" data-end=\"2906\">Riz TOUMAI<\/em> sur les march\u00e9s nationaux et internationaux.<\/p>\n<\/li>\n<\/ul>\n<h3 data-start=\"2953\" data-end=\"2976\"><strong data-start=\"2957\" data-end=\"2976\">Nos Engagements<\/strong><\/h3>\n<ul data-start=\"2977\" data-end=\"3230\">\n<li data-start=\"2977\" data-end=\"3033\">\n<p data-start=\"2979\" data-end=\"3033\">Soutenir les producteurs et les coop\u00e9ratives locales<\/p>\n<\/li>\n<li data-start=\"3034\" data-end=\"3111\">\n<p data-start=\"3036\" data-end=\"3111\">Promouvoir une agriculture responsable et respectueuse de l\u2019environnement<\/p>\n<\/li>\n<li data-start=\"3112\" data-end=\"3164\">\n<p data-start=\"3114\" data-end=\"3164\">Garantir la qualit\u00e9 et la tra\u00e7abilit\u00e9 du produit<\/p>\n<\/li>\n<li data-start=\"3165\" data-end=\"3230\">\n<p data-start=\"3167\" data-end=\"3230\">Offrir aux consommateurs un riz sain, nutritif et authentique<\/p>\n<\/li>\n<\/ul>\n<h3 data-start=\"3232\" data-end=\"3252\"><strong data-start=\"3236\" data-end=\"3252\">Notre Vision<\/strong><\/h3>\n<p data-start=\"3253\" data-end=\"3372\">Faire de <em data-start=\"3262\" data-end=\"3274\">Riz TOUMAI<\/em> une marque de r\u00e9f\u00e9rence en Afrique, symbole du savoir-faire tchadien et de l\u2019excellence agricole.<\/p>\n<\/div>\n\t\t\t\t\t\t<\/div>\n\t\t\t\t<\/div>\n\t\t\t\t\t<\/div>\n\t\t\t\t<\/div>\n\t\t\t\t<\/div>\n\t\t","protected":false},"excerpt":{"rendered":"","protected":false},"author":1,"featured_media":0,"parent":0,"menu_order":0,"comment_status":"closed","ping_status":"closed","template":"","meta":{"site-sidebar-layout":"no-sidebar","site-content-layout":"","ast-site-content-layout":"full-width-container","site-content-style":"default","site-sidebar-style":"default","ast-global-header-display":"","ast-banner-title-visibility":"","ast-main-header-display":"","ast-hfb-above-header-display":"","ast-hfb-below-header-display":"","ast-hfb-mobile-header-display":"","site-post-title":"","ast-breadcrumbs-content":"","ast-featured-img":"disabled","footer-sml-layout":"","theme-transparent-header-meta":"","adv-header-id-meta":"","stick-header-meta":"","header-above-stick-meta":"","header-main-stick-meta":"","header-below-stick-meta":"","astra-migrate-meta-layouts":"default","ast-page-background-enabled":"default","ast-page-background-meta":{"desktop":{"background-color":"var(--ast-global-color-5)","background-image":"","background-repeat":"repeat","background-position":"center center","background-size":"auto","background-attachment":"scroll","background-type":"","background-media":"","overlay-type":"","overlay-color":"","overlay-opacity":"","overlay-gradient":""},"tablet":{"background-color":"","background-image":"","background-repeat":"repeat","background-position":"center center","background-size":"auto","background-attachment":"scroll","background-type":"","background-media":"","overlay-type":"","overlay-color":"","overlay-opacity":"","overlay-gradient":""},"mobile":{"background-color":"","background-image":"","background-repeat":"repeat","background-position":"center center","background-size":"auto","background-attachment":"scroll","background-type":"","background-media":"","overlay-type":"","overlay-color":"","overlay-opacity":"","overlay-gradient":""}},"ast-content-background-meta":{"desktop":{"background-color":"var(--ast-global-color-4)","background-image":"","background-repeat":"repeat","background-position":"center center","background-size":"auto","background-attachment":"scroll","background-type":"","background-media":"","overlay-type":"","overlay-color":"","overlay-opacity":"","overlay-gradient":""},"tablet":{"background-color":"var(--ast-global-color-4)","background-image":"","background-repeat":"repeat","background-position":"center center","background-size":"auto","background-attachment":"scroll","background-type":"","background-media":"","overlay-type":"","overlay-color":"","overlay-opacity":"","overlay-gradient":""},"mobile":{"background-color":"var(--ast-global-color-4)","background-image":"","background-repeat":"repeat","background-position":"center center","background-size":"auto","background-attachment":"scroll","background-type":"","background-media":"","overlay-type":"","overlay-color":"","overlay-opacity":"","overlay-gradient":""}},"footnotes":""},"class_list":["post-148","page","type-page","status-publish","hentry"],"_links":{"self":[{"href":"https:\/\/agstchad.com\/index.php?rest_route=\/wp\/v2\/pages\/148","targetHints":{"allow":["GET"]}}],"collection":[{"href":"https:\/\/agstchad.com\/index.php?rest_route=\/wp\/v2\/pages"}],"about":[{"href":"https:\/\/agstchad.com\/index.php?rest_route=\/wp\/v2\/types\/page"}],"author":[{"embeddable":true,"href":"https:\/\/agstchad.com\/index.php?rest_route=\/wp\/v2\/users\/1"}],"replies":[{"embeddable":true,"href":"https:\/\/agstchad.com\/index.php?rest_route=%2Fwp%2Fv2%2Fcomments&post=148"}],"version-history":[{"count":5,"href":"https:\/\/agstchad.com\/index.php?rest_route=\/wp\/v2\/pages\/148\/revisions"}],"predecessor-version":[{"id":154,"href":"https:\/\/agstchad.com\/index.php?rest_route=\/wp\/v2\/pages\/148\/revisions\/154"}],"wp:attachment":[{"href":"https:\/\/agstchad.com\/index.php?rest_route=%2Fwp%2Fv2%2Fmedia&parent=148"}],"curies":[{"name":"wp","href":"https:\/\/api.w.org\/{rel}","templated":true}]}}