{"id":2,"date":"2025-11-03T11:08:10","date_gmt":"2025-11-03T11:08:10","guid":{"rendered":"https:\/\/agstchad.com\/?page_id=2"},"modified":"2025-11-05T11:58:23","modified_gmt":"2025-11-05T11:58:23","slug":"sample-page","status":"publish","type":"page","link":"https:\/\/agstchad.com\/?page_id=2","title":{"rendered":"\u00c0 propos d\u2019AGS International SARL"},"content":{"rendered":"\t\t<div data-elementor-type=\"wp-page\" data-elementor-id=\"2\" class=\"elementor elementor-2\" data-elementor-post-type=\"page\">\n\t\t\t\t<div class=\"elementor-element elementor-element-5559aaa e-flex e-con-boxed e-con e-parent\" data-id=\"5559aaa\" data-element_type=\"container\">\n\t\t\t\t\t<div class=\"e-con-inner\">\n\t\t\t\t<div class=\"elementor-element elementor-element-2fe410c6 elementor-widget elementor-widget-text-editor\" data-id=\"2fe410c6\" data-element_type=\"widget\" data-widget_type=\"text-editor.default\">\n\t\t\t\t\t\t\t\t\t<h4><strong>AGS International<\/strong>&nbsp;est une entreprise agro-industrielle sp\u00e9cialis\u00e9e dans la&nbsp;<strong data-start=\"2073\" data-end=\"2160\">production, la transformation et la commercialisat<\/strong>ion du riz de marque <em data-start=\"2146\" data-end=\"2158\">Riz TOUMAI<\/em>.<br data-start=\"2161\" data-end=\"2164\">Implant\u00e9e au c\u0153ur des terres fertiles du Tchad, elle valorise le savoir-faire local \u00e0 travers une production moderne et durable, offrant un riz de qualit\u00e9 sup\u00e9rieure r\u00e9pondant aux standards internationaux.<\/h4>\n<h3>VISION<\/h3>\n<p>D\u2019ici 2030, AGS International ambitionne d\u2019\u00eatre le leader sous-r\u00e9gional et la r\u00e9f\u00e9rence nationale dans la production, la transformation et la commercialisation du riz et de ses produits d\u00e9riv\u00e9s, sous la marque \u00ab RIZ TOUMAI \u00bb, sur les march\u00e9s nationaux, continentaux et internationaux. Nous aspirons \u00e0 incarner un mod\u00e8le d\u2019agro-industrie int\u00e9gr\u00e9e, durable et inclusive, contribuant \u00e0 la souverainet\u00e9 alimentaire et au rayonnement \u00e9conomique du Tchad et de l\u2019Afrique centrale.<\/p>\n<h3>MISSION<\/h3>\n<p>Notre mission est de structurer, dynamiser et moderniser la fili\u00e8re rizicole tchadienne \u00e0 travers :<br>\u2022 la mise en place d\u2019une cha\u00eene de valeur performante et labellis\u00e9e \u00ab RIZ TOUMAI \u00bb ;<br>\u2022 le d\u00e9veloppement d\u2019un \u00e9cosyst\u00e8me industriel comp\u00e9titif ;<br>\u2022 la cr\u00e9ation d\u2019emplois d\u00e9cents et durables pour les jeunes et les femmes ;<br>\u2022 la promotion d\u2019un mod\u00e8le de production respectueux de l\u2019environnement et des communaut\u00e9s rurales.<\/p>\n<h3>OBJECTIFS STRAT\u00c9GIQUES<\/h3>\n<p>1) D\u00e9velopper une cha\u00eene industrielle moderne et int\u00e9gr\u00e9e de transformation du riz pour garantir une qualit\u00e9 sup\u00e9rieure et une tra\u00e7abilit\u00e9 compl\u00e8te du produit \u00ab RIZ TOUMAI \u00bb.<\/p>\n<p>2) Renforcer les capacit\u00e9s techniques et organisationnelles des coop\u00e9ratives productrices de riz afin d\u2019assurer une production r\u00e9guli\u00e8re et comp\u00e9titive.<\/p>\n<p>3) Mettre en place un r\u00e9seau logistique et commercial performant, facilitant la distribution nationale et l\u2019exportation r\u00e9gionale et internationale.<\/p>\n<p>4) Valoriser les sous-produits d\u00e9riv\u00e9s du riz (son, brisures, farine, aliments pour b\u00e9tail, etc.) afin de maximiser la rentabilit\u00e9 et limiter le gaspillage.<\/p>\n<p>5) Promouvoir l\u2019innovation et la durabilit\u00e9 \u00e0 travers l\u2019introduction de technologies agricoles intelligentes, la gestion efficiente des ressources naturelles et la r\u00e9duction de l\u2019empreinte carbone.<\/p>\n<p>6) Cr\u00e9er un label de qualit\u00e9 reconnu et une marque forte autour de \u00ab <b>RIZ TOUMAI<\/b> \u00bb, symbole de fiert\u00e9 nationale, de qualit\u00e9 et de tra\u00e7abilit\u00e9.<\/p>\n<p>7) Contribuer activement \u00e0 la s\u00e9curit\u00e9 alimentaire nationale et \u00e0 l\u2019int\u00e9gration \u00e9conomique r\u00e9gionale \u00e0 travers des partenariats publics, priv\u00e9s et communautaires.<\/p>\n<h3>VALEURS INSTITUTIONNELLES ET ENGAGEMENTS D\u2019ENTREPRISE<\/h3>\n<p><strong>Excellence et qualit\u00e9 : <\/strong>Nous poursuivons l\u2019excellence \u00e0 chaque \u00e9tape de la cha\u00eene de valeur \u2014 de la production \u00e0 la distribution \u2014 afin d\u2019offrir un riz et des produits d\u00e9riv\u00e9s hautement qualitatifs, conformes aux normes internationales et aux attentes des consommateurs.<\/p>\n<p><strong>Int\u00e9grit\u00e9 et transparence : <\/strong>Nous agissons avec \u00e9thique, honn\u00eatet\u00e9 et transparence dans toutes nos relations commerciales et institutionnelles, en b\u00e2tissant une confiance durable avec nos producteurs, nos clients et nos partenaires.<\/p>\n<p><strong>Innovation et modernisation : <\/strong>Nous croyons \u00e0 la puissance de l\u2019innovation technologique et \u00e0 la recherche appliqu\u00e9e pour transformer durablement la fili\u00e8re rizicole. L\u2019adoption de solutions num\u00e9riques, \u00e9co-efficientes et intelligentes constitue un levier central de notre comp\u00e9titivit\u00e9.<\/p>\n<p><strong>Inclusion et \u00e9quit\u00e9 : <\/strong>AGS International s\u2019engage \u00e0 favoriser l\u2019autonomisation \u00e9conomique des jeunes et des femmes \u00e0 travers l\u2019emploi, la formation et la cr\u00e9ation de valeur locale. Nous promouvons un mod\u00e8le de d\u00e9veloppement inclusif, participatif et \u00e9quitable.<\/p>\n<p><strong>Durabilit\u00e9 environnementale : <\/strong>Conscients de notre responsabilit\u00e9 envers la plan\u00e8te, nous int\u00e9grons les principes de durabilit\u00e9 et d\u2019\u00e9conomie circulaire dans nos pratiques agricoles et industrielles, afin de pr\u00e9server les ressources naturelles et r\u00e9duire notre empreinte \u00e9cologique.<\/p>\n<p><strong>Esprit de partenariat et solidarit\u00e9 : <\/strong>Nous croyons en la force des synergies. AGS International \u0153uvre main dans la main avec les coop\u00e9ratives rizicoles, les institutions publiques, les partenaires techniques et financiers pour construire une fili\u00e8re forte, r\u00e9siliente et comp\u00e9titive.<\/p>\n<p><strong>Fiert\u00e9 nationale et engagement communautaire : <\/strong>\u00c0 travers la marque \u00ab RIZ TOUMAI \u00bb, nous affirmons notre fiert\u00e9 nationale et notre engagement patriotique \u00e0 promouvoir le \u00ab Made in Chad \u00bb, symbole d\u2019excellence, d\u2019authenticit\u00e9 et de d\u00e9veloppement partag\u00e9.<\/p>\n<p><!-- \/wp:paragraph --><\/p>\t\t\t\t\t\t\t\t<\/div>\n\t\t\t\t\t<\/div>\n\t\t\t\t<\/div>\n\t\t\t\t<\/div>\n\t\t","protected":false},"excerpt":{"rendered":"<p>AGS International&nbsp;est une entreprise agro-industrielle sp\u00e9cialis\u00e9e dans la&nbsp;production, la transformation et la commercialisation du riz de marque Riz TOUMAI.Implant\u00e9e au [&hellip;]<\/p>\n","protected":false},"author":1,"featured_media":0,"parent":0,"menu_order":0,"comment_status":"closed","ping_status":"closed","template":"","meta":{"site-sidebar-layout":"default","site-content-layout":"","ast-site-content-layout":"default","site-content-style":"default","site-sidebar-style":"default","ast-global-header-display":"","ast-banner-title-visibility":"","ast-main-header-display":"","ast-hfb-above-header-display":"","ast-hfb-below-header-display":"","ast-hfb-mobile-header-display":"","site-post-title":"","ast-breadcrumbs-content":"","ast-featured-img":"","footer-sml-layout":"","theme-transparent-header-meta":"","adv-header-id-meta":"","stick-header-meta":"","header-above-stick-meta":"","header-main-stick-meta":"","header-below-stick-meta":"","astra-migrate-meta-layouts":"default","ast-page-background-enabled":"default","ast-page-background-meta":{"desktop":{"background-color":"var(--ast-global-color-5)","background-image":"","background-repeat":"repeat","background-position":"center center","background-size":"auto","background-attachment":"scroll","background-type":"","background-media":"","overlay-type":"","overlay-color":"","overlay-opacity":"","overlay-gradient":""},"tablet":{"background-color":"","background-image":"","background-repeat":"repeat","background-position":"center center","background-size":"auto","background-attachment":"scroll","background-type":"","background-media":"","overlay-type":"","overlay-color":"","overlay-opacity":"","overlay-gradient":""},"mobile":{"background-color":"","background-image":"","background-repeat":"repeat","background-position":"center center","background-size":"auto","background-attachment":"scroll","background-type":"","background-media":"","overlay-type":"","overlay-color":"","overlay-opacity":"","overlay-gradient":""}},"ast-content-background-meta":{"desktop":{"background-color":"var(--ast-global-color-4)","background-image":"","background-repeat":"repeat","background-position":"center center","background-size":"auto","background-attachment":"scroll","background-type":"","background-media":"","overlay-type":"","overlay-color":"","overlay-opacity":"","overlay-gradient":""},"tablet":{"background-color":"var(--ast-global-color-4)","background-image":"","background-repeat":"repeat","background-position":"center center","background-size":"auto","background-attachment":"scroll","background-type":"","background-media":"","overlay-type":"","overlay-color":"","overlay-opacity":"","overlay-gradient":""},"mobile":{"background-color":"var(--ast-global-color-4)","background-image":"","background-repeat":"repeat","background-position":"center center","background-size":"auto","background-attachment":"scroll","background-type":"","background-media":"","overlay-type":"","overlay-color":"","overlay-opacity":"","overlay-gradient":""}},"footnotes":""},"class_list":["post-2","page","type-page","status-publish","hentry"],"_links":{"self":[{"href":"https:\/\/agstchad.com\/index.php?rest_route=\/wp\/v2\/pages\/2","targetHints":{"allow":["GET"]}}],"collection":[{"href":"https:\/\/agstchad.com\/index.php?rest_route=\/wp\/v2\/pages"}],"about":[{"href":"https:\/\/agstchad.com\/index.php?rest_route=\/wp\/v2\/types\/page"}],"author":[{"embeddable":true,"href":"https:\/\/agstchad.com\/index.php?rest_route=\/wp\/v2\/users\/1"}],"replies":[{"embeddable":true,"href":"https:\/\/agstchad.com\/index.php?rest_route=%2Fwp%2Fv2%2Fcomments&post=2"}],"version-history":[{"count":19,"href":"https:\/\/agstchad.com\/index.php?rest_route=\/wp\/v2\/pages\/2\/revisions"}],"predecessor-version":[{"id":307,"href":"https:\/\/agstchad.com\/index.php?rest_route=\/wp\/v2\/pages\/2\/revisions\/307"}],"wp:attachment":[{"href":"https:\/\/agstchad.com\/index.php?rest_route=%2Fwp%2Fv2%2Fmedia&parent=2"}],"curies":[{"name":"wp","href":"https:\/\/api.w.org\/{rel}","templated":true}]}}